{"id":20,"date":"2026-03-06T19:09:29","date_gmt":"2026-03-06T19:09:29","guid":{"rendered":"https:\/\/carriere.tanguay.agence-etco.dev\/?page_id=20"},"modified":"2026-04-08T19:05:23","modified_gmt":"2026-04-08T19:05:23","slug":"utilisation-des-cookies","status":"publish","type":"page","link":"https:\/\/carriere.tanguay.agence-etco.dev\/fr\/utilisation-des-cookies\/","title":{"rendered":"Utilisation des cookies"},"content":{"rendered":"\n<p>Sur Internet, chaque interaction avec un produit num\u00e9rique g\u00e9n\u00e8re des donn\u00e9es. Ainsi, lorsque vous visitez une page sur tanguay.ca, vous g\u00e9n\u00e9rez des donn\u00e9es. Par vos choix et actions, Tanguay peut vous transmettre les informations n\u00e9cessaires permettant \u00e0 votre appareil d\u2019afficher le contenu demand\u00e9. Cet \u00e9change de donn\u00e9es est \u00e0 la base du fonctionnement d\u2019Internet. Sans cet \u00e9change, il n\u2019y a pas de r\u00e9seau, donc pas d\u2019Internet.<\/p>\n\n\n\n<h2 class=\"wp-block-heading has-x-large-font-size\">Gestion de vos cookies<\/h2>\n\n\n\n<p>Nous avons mis en place des mesures pour prot\u00e9ger les renseignements personnels que nous collectons conform\u00e9ment \u00e0 la Loi sur la protection des renseignements personnels et \u00e0 notre&nbsp;<a href=\"https:\/\/carriere.tanguay.ca\/fr\/politique-de-confidentialite\/\">Politique sur la protection des renseignements personnels et de la confidentialit\u00e9<\/a>&nbsp;, telles que l\u2019encodage des mots de passe ou encore l\u2019utilisation de communications s\u00e9curis\u00e9es (HTTPS) pour toute communication contenant des renseignements personnels.<\/p>\n\n\n\n<h3 class=\"wp-block-heading has-large-font-size\"><strong>Qu\u2019est-ce qu\u2019un cookie ?<\/strong><\/h3>\n\n\n\n<p>Un t\u00e9moin de navigation (cookie) est un petit fichier texte plac\u00e9 sur votre engin de navigation qui permet de sauvegarder des donn\u00e9es sur vos habitudes sur Internet. Par exemple, un t\u00e9moin de navigation peut contenir un num\u00e9ro unique qui vous est attribu\u00e9. Ce num\u00e9ro permet de reconna\u00eetre votre navigateur sans toutefois pouvoir \u00e9tablir votre identit\u00e9.<\/p>\n\n\n\n<h3 class=\"wp-block-heading has-large-font-size\"><strong>Gestion de votre exp\u00e9rience en ligne par la gestion des cookies<\/strong><\/h3>\n\n\n\n<p>Vos donn\u00e9es sont pr\u00e9cieuses, et nous estimons qu\u2019il vous appartient de d\u00e9cider lesquelles vous voulez partager avec nous. Vous pouvez utiliser l\u2019outil ci-dessous pour activer ou d\u00e9sactiver certains de nos t\u00e9moins. Les t\u00e9moins essentiels au bon fonctionnement de nos produits num\u00e9riques ne peuvent cependant \u00eatre d\u00e9sactiv\u00e9s.<\/p>\n\n\n\n<p>Avant de t\u00e9l\u00e9charger un logiciel de blocage des t\u00e9moins de navigation, vous devez savoir que ces outils emp\u00eacheront certains produits d\u2019Ameublements Tanguay de fonctionner de la mani\u00e8re pr\u00e9vue, et parfois, de ne pas fonctionner, tout simplement. Si vous bloquez les t\u00e9moins de navigation, il se peut que du contenu ne puisse s\u2019afficher et que vous bloquiez certaines fonctions, comme la localisation, les recherches, l\u2019inscription, l\u2019ouverture de session et la formulation de commentaires.<\/p>\n\n\n\n<h3 class=\"wp-block-heading has-large-font-size\"><strong>D\u00e9sactiver les cookies<\/strong><\/h3>\n\n\n\n<p>La plupart des navigateurs vous permettent de g\u00e9rer les cookies qui sont d\u00e9pos\u00e9s sur votre ordinateur. Veuillez consulter la marche \u00e0 suivre pour d\u00e9sactiver les cookies enregistr\u00e9s sur votre appareil par l\u2019entremise de votre navigateur.<\/p>\n\n\n\n<p>Visitez la page correspondant au navigateur que vous utilisez afin d&rsquo;en savoir plus :<\/p>\n\n\n\n<ul class=\"wp-block-list\">\n<li class=\"has-medium-font-size\"><a href=\"https:\/\/support.google.com\/accounts\/answer\/61416?co=GENIE.Platform%3DDesktop&amp;hl=fr\" target=\"_blank\" rel=\"noreferrer noopener\">Google Chrome<\/a><\/li>\n\n\n\n<li class=\"has-medium-font-size\"><a href=\"https:\/\/support.mozilla.org\/fr\/kb\/activer-desactiver-cookies-preferences\" target=\"_blank\" rel=\"noreferrer noopener\">Mozilla Firefox<\/a><\/li>\n\n\n\n<li class=\"has-medium-font-size\"><a href=\"https:\/\/privacy.microsoft.com\/fr-ca\/windows-10-microsoft-edge-and-privacy\" target=\"_blank\" rel=\"noreferrer noopener\">Microsoft Edge<\/a><\/li>\n\n\n\n<li class=\"has-medium-font-size\"><a href=\"https:\/\/support.microsoft.com\/fr-ca\/help\/17442\/windows-internet-explorer-delete-manage-cookies\" target=\"_blank\" rel=\"noreferrer noopener\">Microsoft Internet Explorer<\/a><\/li>\n\n\n\n<li class=\"has-medium-font-size\"><a href=\"https:\/\/www.opera.com\/help\/tutorials\/security\/privacy\/\" target=\"_blank\" rel=\"noreferrer noopener\">Opera<\/a><\/li>\n\n\n\n<li class=\"has-medium-font-size\"><a href=\"https:\/\/support.apple.com\/fr-ca\/guide\/safari\/manage-cookies-and-website-data-sfri11471\/mac\" target=\"_blank\" rel=\"noreferrer noopener\">Apple Safari<\/a><\/li>\n<\/ul>\n\n\n\n<p>Si votre navigateur ne se trouve pas dans la liste, nous vous invitons \u00e0 visiter le site Web de votre navigateur.<\/p>\n\n\n\n<h3 class=\"wp-block-heading has-large-font-size\"><strong>Mises \u00e0 jour<\/strong><\/h3>\n\n\n\n<p>La liste de cookies est appel\u00e9e \u00e0 \u00e9voluer. Nos produits sont en constante \u00e9volution, il est donc possible que de nouveaux cookies s&rsquo;ajoutent ou soient retir\u00e9s.<\/p>\n\n\n\n<h3 class=\"wp-block-heading has-large-font-size\"><strong>Anonymisation des donn\u00e9es<\/strong><\/h3>\n\n\n\n<p>Les donn\u00e9es analytiques sont anonymis\u00e9es afin d\u2019emp\u00eacher d\u2019\u00e9tablir l\u2019identit\u00e9 d\u2019une personne donn\u00e9e. Les actions pos\u00e9es sur nos produits ne peuvent \u00eatre associ\u00e9es \u00e0 une personne. L&rsquo;anonymisation de donn\u00e9es consiste \u00e0 modifier le contenu ou la structure de ces donn\u00e9es afin de rendre tr\u00e8s difficile ou impossible la \u00ab r\u00e9-identification \u00bb des personnes.<\/p>\n\n\n\n<h3 class=\"wp-block-heading has-large-font-size\"><strong>Connexions s\u00e9curis\u00e9es<\/strong><\/h3>\n\n\n\n<p>Ameublements Tanguay chiffre toute communication contenant des renseignements personnels. Cela signifie que les donn\u00e9es transmises sont encod\u00e9es afin de garantir leur confidentialit\u00e9 lors de l\u2019\u00e9change de donn\u00e9es entre vos appareils et les diff\u00e9rents produits et services d\u2019Ameublements Tanguay.<\/p>\n\n\n\n<h3 class=\"wp-block-heading has-large-font-size\" id=\"cookie-policy-title\"><strong>Liste des cookies<\/strong><\/h3>\n\n\n\n<p class=\"has-medium-font-size\">Un cookie est un petit \u00e9l\u00e9ment de donn\u00e9es (fichier texte) qu\u2019un site Web &#8211; lorsqu\u2019il est visit\u00e9 par un utilisateur &#8211; demande \u00e0 votre navigateur de stocker sur votre appareil afin de se souvenir des informations vous concernant, telles que vos pr\u00e9f\u00e9rences linguistiques ou vos informations de connexion. Ces cookies sont d\u00e9finis par nous et appel\u00e9s cookies internes. Nous utilisons \u00e9galement des cookies tiers &#8211; qui sont des cookies d\u2019un domaine diff\u00e9rent du domaine du site Web que vous visitez &#8211; pour nos efforts de publicit\u00e9 et de marketing. Plus pr\u00e9cis\u00e9ment, nous utilisons des cookies et d\u2019autres technologies de suivi aux fins suivantes:<\/p>\n\n\n\n<h4 class=\"wp-block-heading has-medium-font-size\"><strong>Cookies strictement n\u00e9cessaires<\/strong><\/h4>\n\n\n\n<p>Ces cookies sont n\u00e9cessaires au fonctionnement du site Web et ne peuvent pas \u00eatre d\u00e9sactiv\u00e9s dans nos syst\u00e8mes. Ils sont g\u00e9n\u00e9ralement \u00e9tablis en tant que r\u00e9ponse \u00e0 des actions que vous avez effectu\u00e9es et qui constituent une demande de services, telles que la d\u00e9finition de vos pr\u00e9f\u00e9rences en mati\u00e8re de confidentialit\u00e9, la connexion ou le remplissage de formulaires. Vous pouvez configurer votre navigateur afin de bloquer ou \u00eatre inform\u00e9 de l&rsquo;existence de ces cookies, mais certaines parties du site Web peuvent \u00eatre affect\u00e9es. Ces cookies ne stockent aucune information d\u2019identification personnelle.<\/p>\n\n\n\n<figure class=\"wp-block-table has-medium-font-size\"><table class=\"has-fixed-layout\"><thead><tr><th class=\"has-text-align-left\" data-align=\"left\">T\u00e9moins (cookies)<\/th><th class=\"has-text-align-left\" data-align=\"left\">Sous-groupe de cookies<\/th><th class=\"has-text-align-left\" data-align=\"left\">Cookies utilis\u00e9s<\/th><th class=\"has-text-align-left\" data-align=\"left\">Description<\/th><\/tr><\/thead><tbody><tr><td class=\"has-text-align-left\" data-align=\"left\"><a href=\"https:\/\/cookiepedia.co.uk\/cookies\/OptanonConsent\" rel=\"noreferrer noopener\" target=\"_blank\">OptanonConsent<\/a><\/td><td class=\"has-text-align-left\" data-align=\"left\">.carriere.tanguay.ca<\/td><td class=\"has-text-align-left\" data-align=\"left\">Premi\u00e8re partie<\/td><td class=\"has-text-align-left\" data-align=\"left\">Ce cookie est d\u00e9fini par la solution de conformit\u00e9 des cookies de OneTrust. Il stocke des informations sur les cat\u00e9gories de cookies que le site utilise et si les visiteurs ont donn\u00e9 ou retir\u00e9 leur consentement pour l\u2019utilisation de chaque cat\u00e9gorie. Cela permet aux propri\u00e9taires de sites d\u2019emp\u00eacher les cookies de chaque cat\u00e9gorie d\u2019\u00eatre d\u00e9finis dans le navigateur des utilisateurs, lorsque le consentement n\u2019est pas donn\u00e9. Le t\u00e9moin a une dur\u00e9e de vie normale d\u2019un an, de sorte que les visiteurs de retour sur le site auront leurs pr\u00e9f\u00e9rences m\u00e9moriser. Il ne contient aucune information permettant d\u2019identifier le visiteur du site.<\/td><\/tr><tr><td class=\"has-text-align-left\" data-align=\"left\"><a href=\"https:\/\/cookiepedia.co.uk\/cookies\/OptanonAlertBoxClosed\" rel=\"noreferrer noopener\" target=\"_blank\">OptanonAlertBoxClosed<\/a><\/td><td class=\"has-text-align-left\" data-align=\"left\">.carriere.tanguay.ca<\/td><td class=\"has-text-align-left\" data-align=\"left\">Premi\u00e8re partie<\/td><td class=\"has-text-align-left\" data-align=\"left\">Ce cookie est d\u00e9fini par des sites web utilisant certaines versions de la solution de conformit\u00e9 \u00e0 la loi sur les cookies de OneTrust. Il est r\u00e9gl\u00e9 apr\u00e8s que les visiteurs ont vu un avis d\u2019information de biscuit et dans certains cas seulement quand ils ferment activement l\u2019avis vers le bas. Il permet au site Web de ne pas afficher le message plus d\u2019une fois \u00e0 un utilisateur. Ce cookie a une dur\u00e9e de vie d\u2019un an et ne contient aucun renseignement personnel.<\/td><\/tr><\/tbody><\/table><\/figure>\n\n\n\n<h4 class=\"wp-block-heading\">Cookies de fonctionnalit\u00e9<\/h4>\n\n\n\n<p>Ces cookies permettent d\u2019am\u00e9liorer et de personnaliser les fonctionnalit\u00e9s du site Web. Ils peuvent \u00eatre activ\u00e9s par nos \u00e9quipes, ou par des tiers dont les services sont utilis\u00e9s sur les pages de notre site Web. Si vous n&rsquo;acceptez pas ces cookies, une partie ou la totalit\u00e9 de ces services risquent de ne pas fonctionner correctement.<\/p>\n\n\n\n<figure class=\"wp-block-table has-medium-font-size\"><table class=\"has-fixed-layout\"><thead><tr><th class=\"has-text-align-left\" data-align=\"left\">T\u00e9moins (cookies)<\/th><th class=\"has-text-align-left\" data-align=\"left\">Sous-groupe de cookies<\/th><th class=\"has-text-align-left\" data-align=\"left\">Cookies utilis\u00e9s<\/th><th class=\"has-text-align-left\" data-align=\"left\">Description<\/th><\/tr><\/thead><tbody><tr><td class=\"has-text-align-left\" data-align=\"left\"><a href=\"https:\/\/cookiepedia.co.uk\/cookies\/4aa80f4b527e203180ff038fec7bf8be\" rel=\"noreferrer noopener\" target=\"_blank\">4aa80f4b527e203180ff038fec7bf8be<\/a><\/td><td class=\"has-text-align-left\" data-align=\"left\">carriere.tanguay.ca<\/td><td class=\"has-text-align-left\" data-align=\"left\">Premi\u00e8re partie<\/td><td class=\"has-text-align-left\" data-align=\"left\"><\/td><\/tr><tr><td class=\"has-text-align-left\" data-align=\"left\">ASLBSA<\/td><td class=\"has-text-align-left\" data-align=\"left\"><a href=\"https:\/\/cookiepedia.co.uk\/host\/tanguay.sigma-rh.net\" rel=\"noreferrer noopener\" target=\"_blank\">tanguay.sigma-rh.net<\/a><\/td><td class=\"has-text-align-left\" data-align=\"left\">Tiers<\/td><td class=\"has-text-align-left\" data-align=\"left\"><\/td><\/tr><tr><td class=\"has-text-align-left\" data-align=\"left\">ASLBSACORS<\/td><td class=\"has-text-align-left\" data-align=\"left\"><a href=\"https:\/\/cookiepedia.co.uk\/host\/tanguay.sigma-rh.net\" rel=\"noreferrer noopener\" target=\"_blank\">tanguay.sigma-rh.net<\/a><\/td><td class=\"has-text-align-left\" data-align=\"left\">Tiers<\/td><td class=\"has-text-align-left\" data-align=\"left\">Ce cookie est utilis\u00e9 pour diriger le navigateur de l&rsquo;utilisateur afin d&rsquo;utiliser le serveur appropri\u00e9 en fonction de l&#8217;emplacement de l&rsquo;utilisateur afin d&rsquo;assurer la disponibilit\u00e9 et la performance du site web.<\/td><\/tr><tr><td class=\"has-text-align-left\" data-align=\"left\">ASP.NET_SessionId<\/td><td class=\"has-text-align-left\" data-align=\"left\"><a href=\"https:\/\/cookiepedia.co.uk\/host\/tanguay.sigma-rh.net\" rel=\"noreferrer noopener\" target=\"_blank\">tanguay.sigma-rh.net<\/a><\/td><td class=\"has-text-align-left\" data-align=\"left\">Tiers<\/td><td class=\"has-text-align-left\" data-align=\"left\">Cookie de session de plate-forme \u00e0 usage g\u00e9n\u00e9ral, utilis\u00e9 par les sites \u00e9crits avec les technologies bas\u00e9es sur Miscrosoft .NET. Habituellement utilis\u00e9 pour maintenir une session utilisateur anonymis\u00e9e par le serveur.<\/td><\/tr><\/tbody><\/table><\/figure>\n\n\n\n<h4 class=\"wp-block-heading\">Cookies pour une publicit\u00e9 cibl\u00e9e<\/h4>\n\n\n\n<p>Ces cookies peuvent \u00eatre mis en place au sein de notre site Web par nos partenaires publicitaires. Ils peuvent \u00eatre utilis\u00e9s par ces soci\u00e9t\u00e9s pour \u00e9tablir un profil de vos int\u00e9r\u00eats et vous proposer des publicit\u00e9s pertinentes sur d&rsquo;autres sites Web. Ils ne stockent pas directement des donn\u00e9es personnelles, mais sont bas\u00e9s sur l&rsquo;identification unique de votre navigateur et de votre appareil Internet. Si vous n&rsquo;autorisez pas ces cookies, votre publicit\u00e9 sera moins cibl\u00e9e.<\/p>\n\n\n\n<figure class=\"wp-block-table has-medium-font-size\"><table class=\"has-fixed-layout\"><thead><tr><th class=\"has-text-align-left\" data-align=\"left\">T\u00e9moins (cookies)<\/th><th class=\"has-text-align-left\" data-align=\"left\">Sous-groupe de cookies<\/th><th class=\"has-text-align-left\" data-align=\"left\">Cookies utilis\u00e9s<\/th><th class=\"has-text-align-left\" data-align=\"left\">Description<\/th><\/tr><\/thead><tbody><tr><td class=\"has-text-align-left\" data-align=\"left\">CONSENT<\/td><td class=\"has-text-align-left\" data-align=\"left\"><a href=\"https:\/\/cookiepedia.co.uk\/host\/youtube.com\" rel=\"noreferrer noopener\" target=\"_blank\">youtube.com<\/a><\/td><td class=\"has-text-align-left\" data-align=\"left\">Tiers<\/td><td class=\"has-text-align-left\" data-align=\"left\">Ce cookie est g\u00e9n\u00e9r\u00e9 par la plateforme vid\u00e9o Youtube (propri\u00e9t\u00e9 de Google) et fournit des informations sur la fa\u00e7on dont l&rsquo;utilisateur utilise le site web ainsi que sur toute publicit\u00e9 que l&rsquo;utilisateur a pu voir avant de visiter le site web.<\/td><\/tr><tr><td class=\"has-text-align-left\" data-align=\"left\">VISITOR_INFO1_LIVE<\/td><td class=\"has-text-align-left\" data-align=\"left\"><a href=\"https:\/\/cookiepedia.co.uk\/host\/youtube.com\" rel=\"noreferrer noopener\" target=\"_blank\">youtube.com<\/a><\/td><td class=\"has-text-align-left\" data-align=\"left\">Tiers<\/td><td class=\"has-text-align-left\" data-align=\"left\">Ce cookie est g\u00e9n\u00e9r\u00e9 par Youtube pour garder une trace des pr\u00e9f\u00e9rences des utilisateurs pour les vid\u00e9os Youtube int\u00e9gr\u00e9es dans les sites. Il peut \u00e9galement d\u00e9terminer si le visiteur du site utilise la nouvelle ou ancienne version de l\u2019interface Youtube.<\/td><\/tr><tr><td class=\"has-text-align-left\" data-align=\"left\">VISITOR_PRIVACY_METADATA<\/td><td class=\"has-text-align-left\" data-align=\"left\"><a href=\"https:\/\/cookiepedia.co.uk\/host\/youtube.com\" rel=\"noreferrer noopener\" target=\"_blank\">youtube.com<\/a><\/td><td class=\"has-text-align-left\" data-align=\"left\">Tiers<\/td><td class=\"has-text-align-left\" data-align=\"left\">YouTube est une plateforme google pour l\u2019h\u00e9bergement et le partage de vid\u00e9os. YouTube recueille des donn\u00e9es utilisateur par le biais de vid\u00e9os int\u00e9gr\u00e9es dans des sites Web, qui sont agr\u00e9g\u00e9es avec les donn\u00e9es de profil provenant d\u2019autres services Google afin d\u2019afficher de la publicit\u00e9 cibl\u00e9e aux visiteurs du Web sur un large \u00e9ventail de leurs propres sites Web et d\u2019autres.<\/td><\/tr><tr><td class=\"has-text-align-left\" data-align=\"left\">YSC<\/td><td class=\"has-text-align-left\" data-align=\"left\"><a href=\"https:\/\/cookiepedia.co.uk\/host\/youtube.com\" rel=\"noreferrer noopener\" target=\"_blank\">youtube.com<\/a><\/td><td class=\"has-text-align-left\" data-align=\"left\">Tiers<\/td><td class=\"has-text-align-left\" data-align=\"left\">Ce cookie est g\u00e9n\u00e9r\u00e9 par le service vid\u00e9o YouTube et enregistre un identifiant unique afin de conserver des statistiques sur les vid\u00e9os de YouTube que l&rsquo;utilisateur a vues. En outre, Youtube utilise ce cookie pour s&rsquo;assurer que les demandes au cours d&rsquo;une session de navigation sont faites par l&rsquo;utilisateur, et non par d&rsquo;autres sites, emp\u00eachant ainsi les sites malveillants d&rsquo;agir au nom d&rsquo;un utilisateur \u00e0 son insu.<\/td><\/tr><\/tbody><\/table><\/figure>\n","protected":false},"excerpt":{"rendered":"<p>Sur Internet, chaque interaction avec un produit num\u00e9rique g\u00e9n\u00e8re des donn\u00e9es. Ainsi, lorsque vous visitez une page sur tanguay.ca, vous g\u00e9n\u00e9rez des donn\u00e9es. Par vos choix et actions, Tanguay peut vous transmettre les informations n\u00e9cessaires permettant \u00e0 votre appareil d\u2019afficher le contenu demand\u00e9. Cet \u00e9change de donn\u00e9es est \u00e0 la base du fonctionnement d\u2019Internet. Sans [&hellip;]<\/p>\n","protected":false},"author":1,"featured_media":0,"parent":0,"menu_order":0,"comment_status":"closed","ping_status":"closed","template":"","meta":{"_uag_custom_page_level_css":"","footnotes":""},"class_list":["post-20","page","type-page","status-publish","hentry"],"yoast_head":"<!-- This site is optimized with the Yoast SEO plugin v27.4 - https:\/\/yoast.com\/product\/yoast-seo-wordpress\/ -->\n<title>Utilisation des cookies - Carri\u00e8re Tanguay<\/title>\n<meta name=\"robots\" content=\"noindex, follow, max-snippet:-1, max-image-preview:large, max-video-preview:-1\" \/>\n<meta property=\"og:locale\" content=\"fr_FR\" \/>\n<meta property=\"og:type\" content=\"article\" \/>\n<meta property=\"og:title\" content=\"Utilisation des cookies - Carri\u00e8re Tanguay\" \/>\n<meta property=\"og:description\" content=\"Sur Internet, chaque interaction avec un produit num\u00e9rique g\u00e9n\u00e8re des donn\u00e9es. Ainsi, lorsque vous visitez une page sur tanguay.ca, vous g\u00e9n\u00e9rez des donn\u00e9es. Par vos choix et actions, Tanguay peut vous transmettre les informations n\u00e9cessaires permettant \u00e0 votre appareil d\u2019afficher le contenu demand\u00e9. Cet \u00e9change de donn\u00e9es est \u00e0 la base du fonctionnement d\u2019Internet. Sans [&hellip;]\" \/>\n<meta property=\"og:url\" content=\"https:\/\/carriere.tanguay.agence-etco.dev\/fr\/utilisation-des-cookies\/\" \/>\n<meta property=\"og:site_name\" content=\"Carri\u00e8re Tanguay\" \/>\n<meta property=\"article:modified_time\" content=\"2026-04-08T19:05:23+00:00\" \/>\n<meta name=\"twitter:card\" content=\"summary_large_image\" \/>\n<meta name=\"twitter:label1\" content=\"Dur\u00e9e de lecture estim\u00e9e\" \/>\n\t<meta name=\"twitter:data1\" content=\"8 minutes\" \/>\n<script type=\"application\/ld+json\" class=\"yoast-schema-graph\">{\"@context\":\"https:\\\/\\\/schema.org\",\"@graph\":[{\"@type\":\"WebPage\",\"@id\":\"https:\\\/\\\/carriere.tanguay.agence-etco.dev\\\/fr\\\/utilisation-des-cookies\\\/\",\"url\":\"https:\\\/\\\/carriere.tanguay.agence-etco.dev\\\/fr\\\/utilisation-des-cookies\\\/\",\"name\":\"Utilisation des cookies - Carri\u00e8re Tanguay\",\"isPartOf\":{\"@id\":\"https:\\\/\\\/carriere.tanguay.agence-etco.dev\\\/fr\\\/#website\"},\"datePublished\":\"2026-03-06T19:09:29+00:00\",\"dateModified\":\"2026-04-08T19:05:23+00:00\",\"breadcrumb\":{\"@id\":\"https:\\\/\\\/carriere.tanguay.agence-etco.dev\\\/fr\\\/utilisation-des-cookies\\\/#breadcrumb\"},\"inLanguage\":\"fr-FR\",\"potentialAction\":[{\"@type\":\"ReadAction\",\"target\":[\"https:\\\/\\\/carriere.tanguay.agence-etco.dev\\\/fr\\\/utilisation-des-cookies\\\/\"]}]},{\"@type\":\"BreadcrumbList\",\"@id\":\"https:\\\/\\\/carriere.tanguay.agence-etco.dev\\\/fr\\\/utilisation-des-cookies\\\/#breadcrumb\",\"itemListElement\":[{\"@type\":\"ListItem\",\"position\":1,\"name\":\"Home\",\"item\":\"https:\\\/\\\/carriere.tanguay.agence-etco.dev\\\/fr\\\/\"},{\"@type\":\"ListItem\",\"position\":2,\"name\":\"Utilisation des cookies\"}]},{\"@type\":\"WebSite\",\"@id\":\"https:\\\/\\\/carriere.tanguay.agence-etco.dev\\\/fr\\\/#website\",\"url\":\"https:\\\/\\\/carriere.tanguay.agence-etco.dev\\\/fr\\\/\",\"name\":\"Carri\u00e8re Tanguay\",\"description\":\"\",\"potentialAction\":[{\"@type\":\"SearchAction\",\"target\":{\"@type\":\"EntryPoint\",\"urlTemplate\":\"https:\\\/\\\/carriere.tanguay.agence-etco.dev\\\/fr\\\/?s={search_term_string}\"},\"query-input\":{\"@type\":\"PropertyValueSpecification\",\"valueRequired\":true,\"valueName\":\"search_term_string\"}}],\"inLanguage\":\"fr-FR\"}]}<\/script>\n<!-- \/ Yoast SEO plugin. -->","yoast_head_json":{"title":"Utilisation des cookies - Carri\u00e8re Tanguay","robots":{"index":"noindex","follow":"follow","max-snippet":"max-snippet:-1","max-image-preview":"max-image-preview:large","max-video-preview":"max-video-preview:-1"},"og_locale":"fr_FR","og_type":"article","og_title":"Utilisation des cookies - Carri\u00e8re Tanguay","og_description":"Sur Internet, chaque interaction avec un produit num\u00e9rique g\u00e9n\u00e8re des donn\u00e9es. Ainsi, lorsque vous visitez une page sur tanguay.ca, vous g\u00e9n\u00e9rez des donn\u00e9es. Par vos choix et actions, Tanguay peut vous transmettre les informations n\u00e9cessaires permettant \u00e0 votre appareil d\u2019afficher le contenu demand\u00e9. Cet \u00e9change de donn\u00e9es est \u00e0 la base du fonctionnement d\u2019Internet. Sans [&hellip;]","og_url":"https:\/\/carriere.tanguay.agence-etco.dev\/fr\/utilisation-des-cookies\/","og_site_name":"Carri\u00e8re Tanguay","article_modified_time":"2026-04-08T19:05:23+00:00","twitter_card":"summary_large_image","twitter_misc":{"Dur\u00e9e de lecture estim\u00e9e":"8 minutes"},"schema":{"@context":"https:\/\/schema.org","@graph":[{"@type":"WebPage","@id":"https:\/\/carriere.tanguay.agence-etco.dev\/fr\/utilisation-des-cookies\/","url":"https:\/\/carriere.tanguay.agence-etco.dev\/fr\/utilisation-des-cookies\/","name":"Utilisation des cookies - Carri\u00e8re Tanguay","isPartOf":{"@id":"https:\/\/carriere.tanguay.agence-etco.dev\/fr\/#website"},"datePublished":"2026-03-06T19:09:29+00:00","dateModified":"2026-04-08T19:05:23+00:00","breadcrumb":{"@id":"https:\/\/carriere.tanguay.agence-etco.dev\/fr\/utilisation-des-cookies\/#breadcrumb"},"inLanguage":"fr-FR","potentialAction":[{"@type":"ReadAction","target":["https:\/\/carriere.tanguay.agence-etco.dev\/fr\/utilisation-des-cookies\/"]}]},{"@type":"BreadcrumbList","@id":"https:\/\/carriere.tanguay.agence-etco.dev\/fr\/utilisation-des-cookies\/#breadcrumb","itemListElement":[{"@type":"ListItem","position":1,"name":"Home","item":"https:\/\/carriere.tanguay.agence-etco.dev\/fr\/"},{"@type":"ListItem","position":2,"name":"Utilisation des cookies"}]},{"@type":"WebSite","@id":"https:\/\/carriere.tanguay.agence-etco.dev\/fr\/#website","url":"https:\/\/carriere.tanguay.agence-etco.dev\/fr\/","name":"Carri\u00e8re Tanguay","description":"","potentialAction":[{"@type":"SearchAction","target":{"@type":"EntryPoint","urlTemplate":"https:\/\/carriere.tanguay.agence-etco.dev\/fr\/?s={search_term_string}"},"query-input":{"@type":"PropertyValueSpecification","valueRequired":true,"valueName":"search_term_string"}}],"inLanguage":"fr-FR"}]}},"uagb_featured_image_src":{"full":false,"thumbnail":false,"medium":false,"medium_large":false,"large":false,"1536x1536":false,"2048x2048":false},"uagb_author_info":{"display_name":"Numerique Etco","author_link":"https:\/\/carriere.tanguay.agence-etco.dev\/fr\/author\/numerique-etco\/"},"uagb_comment_info":0,"uagb_excerpt":"Sur Internet, chaque interaction avec un produit num\u00e9rique g\u00e9n\u00e8re des donn\u00e9es. Ainsi, lorsque vous visitez une page sur tanguay.ca, vous g\u00e9n\u00e9rez des donn\u00e9es. Par vos choix et actions, Tanguay peut vous transmettre les informations n\u00e9cessaires permettant \u00e0 votre appareil d\u2019afficher le contenu demand\u00e9. Cet \u00e9change de donn\u00e9es est \u00e0 la base du fonctionnement d\u2019Internet. Sans\u2026","_links":{"self":[{"href":"https:\/\/carriere.tanguay.agence-etco.dev\/fr\/wp-json\/wp\/v2\/pages\/20","targetHints":{"allow":["GET"]}}],"collection":[{"href":"https:\/\/carriere.tanguay.agence-etco.dev\/fr\/wp-json\/wp\/v2\/pages"}],"about":[{"href":"https:\/\/carriere.tanguay.agence-etco.dev\/fr\/wp-json\/wp\/v2\/types\/page"}],"author":[{"embeddable":true,"href":"https:\/\/carriere.tanguay.agence-etco.dev\/fr\/wp-json\/wp\/v2\/users\/1"}],"replies":[{"embeddable":true,"href":"https:\/\/carriere.tanguay.agence-etco.dev\/fr\/wp-json\/wp\/v2\/comments?post=20"}],"version-history":[{"count":5,"href":"https:\/\/carriere.tanguay.agence-etco.dev\/fr\/wp-json\/wp\/v2\/pages\/20\/revisions"}],"predecessor-version":[{"id":298,"href":"https:\/\/carriere.tanguay.agence-etco.dev\/fr\/wp-json\/wp\/v2\/pages\/20\/revisions\/298"}],"wp:attachment":[{"href":"https:\/\/carriere.tanguay.agence-etco.dev\/fr\/wp-json\/wp\/v2\/media?parent=20"}],"curies":[{"name":"wp","href":"https:\/\/api.w.org\/{rel}","templated":true}]}}